{"id":29716,"date":"2026-02-13T10:11:25","date_gmt":"2026-02-13T08:11:25","guid":{"rendered":"https:\/\/fundacionrenovables.org\/the-foundation\/nuestra-financiacion\/"},"modified":"2026-05-12T15:36:02","modified_gmt":"2026-05-12T13:36:02","slug":"our-funding","status":"publish","type":"page","link":"https:\/\/fundacionrenovables.org\/en\/the-foundation\/our-funding\/","title":{"rendered":"Our Funding"},"content":{"rendered":"\t\t<div data-elementor-type=\"wp-page\" data-elementor-id=\"29716\" class=\"elementor elementor-29716 elementor-26227\" data-elementor-post-type=\"page\">\n\t\t\t\t<div class=\"elementor-element elementor-element-c11b365 e-ecs-flex e-flex e-con-boxed e-con e-parent\" data-id=\"c11b365\" data-element_type=\"container\" data-e-type=\"container\" data-settings=\"{&quot;background_background&quot;:&quot;classic&quot;,&quot;background_motion_fx_motion_fx_scrolling&quot;:&quot;yes&quot;,&quot;background_motion_fx_translateY_effect&quot;:&quot;yes&quot;,&quot;background_motion_fx_translateY_speed&quot;:{&quot;unit&quot;:&quot;px&quot;,&quot;size&quot;:6.1,&quot;sizes&quot;:[]},&quot;background_motion_fx_translateY_affectedRange&quot;:{&quot;unit&quot;:&quot;%&quot;,&quot;size&quot;:&quot;&quot;,&quot;sizes&quot;:{&quot;start&quot;:28,&quot;end&quot;:100}},&quot;jet_parallax_layout_list&quot;:[],&quot;ecs_container_type&quot;:&quot;flex&quot;,&quot;background_motion_fx_devices&quot;:[&quot;desktop&quot;,&quot;tablet&quot;,&quot;mobile&quot;]}\">\n\t\t\t\t\t<div class=\"e-con-inner\">\n\t\t<div class=\"elementor-element elementor-element-e76d07f e-con-full e-ecs-flex e-flex e-con e-child\" data-id=\"e76d07f\" data-element_type=\"container\" data-e-type=\"container\" data-settings=\"{&quot;jet_parallax_layout_list&quot;:[],&quot;ecs_container_type&quot;:&quot;flex&quot;}\">\n\t\t\t\t<div class=\"elementor-element elementor-element-a1006a3 elementor-widget elementor-widget-breadcrumbs\" data-id=\"a1006a3\" data-element_type=\"widget\" data-e-type=\"widget\" data-settings=\"{&quot;motion_fx_motion_fx_scrolling&quot;:&quot;yes&quot;,&quot;motion_fx_translateY_effect&quot;:&quot;yes&quot;,&quot;motion_fx_translateY_direction&quot;:&quot;negative&quot;,&quot;motion_fx_translateY_speed&quot;:{&quot;unit&quot;:&quot;px&quot;,&quot;size&quot;:1.2,&quot;sizes&quot;:[]},&quot;motion_fx_translateY_affectedRange&quot;:{&quot;unit&quot;:&quot;%&quot;,&quot;size&quot;:&quot;&quot;,&quot;sizes&quot;:{&quot;start&quot;:21,&quot;end&quot;:100}},&quot;motion_fx_opacity_effect&quot;:&quot;yes&quot;,&quot;motion_fx_opacity_direction&quot;:&quot;out-in-out&quot;,&quot;motion_fx_opacity_level&quot;:{&quot;unit&quot;:&quot;px&quot;,&quot;size&quot;:10,&quot;sizes&quot;:[]},&quot;motion_fx_opacity_range&quot;:{&quot;unit&quot;:&quot;%&quot;,&quot;size&quot;:&quot;&quot;,&quot;sizes&quot;:{&quot;start&quot;:20,&quot;end&quot;:80}},&quot;motion_fx_devices&quot;:[&quot;desktop&quot;,&quot;tablet&quot;,&quot;mobile&quot;]}\" data-widget_type=\"breadcrumbs.default\">\n\t\t\t\t<div class=\"elementor-widget-container\">\n\t\t\t\t\t<p id=\"breadcrumbs\"><span><span><a href=\"https:\/\/fundacionrenovables.org\/en\/\">Portada<\/a><\/span><\/span><\/p>\t\t\t\t<\/div>\n\t\t\t\t<\/div>\n\t\t\t\t<\/div>\n\t\t\t\t\t<\/div>\n\t\t\t\t<\/div>\n\t\t<div class=\"elementor-element elementor-element-79ae127 e-ecs-flex e-flex e-con-boxed e-con e-parent\" data-id=\"79ae127\" data-element_type=\"container\" data-e-type=\"container\" data-settings=\"{&quot;jet_parallax_layout_list&quot;:[],&quot;ecs_container_type&quot;:&quot;flex&quot;}\">\n\t\t\t\t\t<div class=\"e-con-inner\">\n\t\t<div class=\"elementor-element elementor-element-84fbc38 e-con-full e-ecs-flex e-flex e-con e-child\" data-id=\"84fbc38\" data-element_type=\"container\" data-e-type=\"container\" data-settings=\"{&quot;jet_parallax_layout_list&quot;:[],&quot;ecs_container_type&quot;:&quot;flex&quot;}\">\n\t\t\t\t<div class=\"elementor-element elementor-element-e8976e9 elementor-widget elementor-widget-heading\" data-id=\"e8976e9\" data-element_type=\"widget\" data-e-type=\"widget\" data-widget_type=\"heading.default\">\n\t\t\t\t<div class=\"elementor-widget-container\">\n\t\t\t\t\t<h2 class=\"elementor-heading-title elementor-size-large\">How we are funded<\/h2>\t\t\t\t<\/div>\n\t\t\t\t<\/div>\n\t\t\t\t<div class=\"elementor-element elementor-element-629dc03 elementor-widget elementor-widget-text-editor\" data-id=\"629dc03\" data-element_type=\"widget\" data-e-type=\"widget\" data-widget_type=\"text-editor.default\">\n\t\t\t\t<div class=\"elementor-widget-container\">\n\t\t\t\t\t\t\t\t\t<p>At <strong>Fundaci\u00f3n Renovables<\/strong>, we believe that trust is built through facts and open data. That is why we make the origin of our income public. Transparency is not only an obligation; it is a way of being accountable to citizens, organisations and institutions that share our vision.<\/p>\n\t\t\t\t\t\t\t\t<\/div>\n\t\t\t\t<\/div>\n\t\t\t\t<div class=\"elementor-element elementor-element-5189cf4 elementor-widget elementor-widget-text-editor\" data-id=\"5189cf4\" data-element_type=\"widget\" data-e-type=\"widget\" data-widget_type=\"text-editor.default\">\n\t\t\t\t<div class=\"elementor-widget-container\">\n\t\t\t\t\t\t\t\t\t<p>Our commitment to transparency reflects how we work: with independence, rigour and responsibility in every project we carry out.<\/p>\n\t\t\t\t\t\t\t\t<\/div>\n\t\t\t\t<\/div>\n\t\t\t\t<\/div>\n\t\t<div class=\"elementor-element elementor-element-d5e5765 e-con-full e-ecs-flex e-flex e-con e-child\" data-id=\"d5e5765\" data-element_type=\"container\" data-e-type=\"container\" data-settings=\"{&quot;jet_parallax_layout_list&quot;:[],&quot;ecs_container_type&quot;:&quot;flex&quot;}\">\n\t\t\t\t<div class=\"elementor-element elementor-element-c05e5b8 elementor-widget elementor-widget-jet-pie-chart\" data-id=\"c05e5b8\" data-element_type=\"widget\" data-e-type=\"widget\" data-widget_type=\"jet-pie-chart.default\">\n\t\t\t\t<div class=\"elementor-widget-container\">\n\t\t\t\t\t<div class=\"elementor-jet-pie-chart jet-elements\"><div class=\"jet-pie-chart-title-container\"><h5 class=\"jet-pie-chart-title\"><\/h5><\/div>\n\t\t<div class=\"jet-pie-chart-container\" data-chart=\"{&quot;datasets&quot;:[{&quot;data&quot;:[48.45,32.04,11.76,3.16,1.91,0.92,0.64],&quot;backgroundColor&quot;:[&quot;#55acee&quot;,&quot;#604D83&quot;,&quot;#C1FF00&quot;,&quot;#FFFF66&quot;,&quot;#FDBB53&quot;,&quot;#00FF8B&quot;,&quot;#FF4D4D&quot;],&quot;borderWidth&quot;:0,&quot;borderColor&quot;:&quot;#ffffff&quot;,&quot;hoverBorderColor&quot;:&quot;#ffffff&quot;}],&quot;labels&quot;:[&quot;MITERD - \\u20ac367,404&quot;,&quot;ECF - \\u20ac242,933&quot;,&quot;EMPOWERED - \\u20ac89,149&quot;,&quot;CAFT - \\u20ac24,000&quot;,&quot;Friends and Board of Trustees - \\u20ac14,502&quot;,&quot;UNEF - \\u20ac7,000&quot;,&quot;OTHER - \\u20ac4,857&quot;]}\" data-options=\"{&quot;animation&quot;:{&quot;duration&quot;:1000,&quot;easing&quot;:&quot;easeOutQuart&quot;,&quot;animateScale&quot;:false},&quot;legend&quot;:{&quot;display&quot;:true,&quot;position&quot;:&quot;right&quot;,&quot;reverse&quot;:false,&quot;align&quot;:&quot;center&quot;,&quot;labels&quot;:{&quot;fontColor&quot;:&quot;#000000&quot;}},&quot;tooltips&quot;:{&quot;enabled&quot;:true},&quot;cutoutPercentage&quot;:20}\" data-tooltip=\"\">\n\t\t\t<canvas class=\"jet-pie-chart\" role=\"img\"><\/canvas>\n\t\t<\/div>\n\n\t\t<\/div>\t\t\t\t<\/div>\n\t\t\t\t<\/div>\n\t\t\t\t<\/div>\n\t\t\t\t\t<\/div>\n\t\t\t\t<\/div>\n\t\t\t\t<\/div>\n\t\t","protected":false},"excerpt":{"rendered":"<p>How we are funded At Fundaci\u00f3n Renovables, we believe that trust is built through facts and open data. That is why we make the origin of our income public. Transparency is not only an obligation; it is a way of being accountable to citizens, organisations and institutions that share our vision. Our commitment to transparency [&hellip;]<\/p>\n","protected":false},"author":1,"featured_media":0,"parent":29522,"menu_order":5,"comment_status":"closed","ping_status":"closed","template":"elementor_header_footer","meta":{"_acf_changed":false,"footnotes":""},"class_list":["post-29716","page","type-page","status-publish","hentry"],"acf":[],"yoast_head":"<title>Our Funding - Fundaci\u00f3n Renovables<\/title>\n<meta name=\"description\" content=\"Fundaci\u00f3n Renovables follows and applies the following transparency criteria and standards.\" \/>\n<meta name=\"robots\" content=\"index, follow, max-snippet:-1, max-image-preview:large, max-video-preview:-1\" \/>\n<link rel=\"canonical\" href=\"https:\/\/fundacionrenovables.org\/en\/the-foundation\/our-funding\/\" \/>\n<meta property=\"og:locale\" content=\"en_US\" \/>\n<meta property=\"og:type\" content=\"article\" \/>\n<meta property=\"og:title\" content=\"Our Funding - Fundaci\u00f3n Renovables\" \/>\n<meta property=\"og:description\" content=\"Our Board of Trustees is made up of twenty-three professionals from a wide range of backgrounds who share the need to launch this citizen initiative to promote a change in the energy model. Like the Supporting Members, they are part of the Foundation in a personal capacity and do not in any way represent the companies or organisations for which they work.\" \/>\n<meta property=\"og:url\" content=\"https:\/\/fundacionrenovables.org\/en\/the-foundation\/our-funding\/\" \/>\n<meta property=\"og:site_name\" content=\"Fundaci\u00f3n Renovables\" \/>\n<meta property=\"article:publisher\" content=\"https:\/\/www.facebook.com\/fundacionrenovables\" \/>\n<meta property=\"article:modified_time\" content=\"2026-05-12T13:36:02+00:00\" \/>\n<meta property=\"og:image\" content=\"https:\/\/fundacionrenovables.org\/wp-content\/uploads\/2019\/02\/Logo_FR-fondo-blanco.jpg\" \/>\n\t<meta property=\"og:image:width\" content=\"1116\" \/>\n\t<meta property=\"og:image:height\" content=\"700\" \/>\n\t<meta property=\"og:image:type\" content=\"image\/jpeg\" \/>\n<meta name=\"twitter:card\" content=\"summary_large_image\" \/>\n<meta name=\"twitter:site\" content=\"@FRenovables\" \/>\n<meta name=\"twitter:label1\" content=\"Est. reading time\" \/>\n\t<meta name=\"twitter:data1\" content=\"1 minute\" \/>\n<script type=\"application\/ld+json\" class=\"yoast-schema-graph\">{\"@context\":\"https:\\\/\\\/schema.org\",\"@graph\":[{\"@type\":\"WebPage\",\"@id\":\"https:\\\/\\\/fundacionrenovables.org\\\/en\\\/the-foundation\\\/our-funding\\\/\",\"url\":\"https:\\\/\\\/fundacionrenovables.org\\\/en\\\/the-foundation\\\/our-funding\\\/\",\"name\":\"Our Funding - Fundaci\u00f3n Renovables\",\"isPartOf\":{\"@id\":\"https:\\\/\\\/fundacionrenovables.org\\\/en\\\/#website\"},\"datePublished\":\"2026-02-13T08:11:25+00:00\",\"dateModified\":\"2026-05-12T13:36:02+00:00\",\"description\":\"Fundaci\u00f3n Renovables follows and applies the following transparency criteria and standards.\",\"breadcrumb\":{\"@id\":\"https:\\\/\\\/fundacionrenovables.org\\\/en\\\/the-foundation\\\/our-funding\\\/#breadcrumb\"},\"inLanguage\":\"en-US\",\"potentialAction\":[{\"@type\":\"ReadAction\",\"target\":[\"https:\\\/\\\/fundacionrenovables.org\\\/en\\\/the-foundation\\\/our-funding\\\/\"]}]},{\"@type\":\"BreadcrumbList\",\"@id\":\"https:\\\/\\\/fundacionrenovables.org\\\/en\\\/the-foundation\\\/our-funding\\\/#breadcrumb\",\"itemListElement\":[{\"@type\":\"ListItem\",\"position\":1,\"name\":\"Portada\",\"item\":\"https:\\\/\\\/fundacionrenovables.org\\\/en\\\/\"},{\"@type\":\"ListItem\",\"position\":2,\"name\":\"The Foundation\",\"item\":\"https:\\\/\\\/fundacionrenovables.org\\\/en\\\/the-foundation\\\/\"},{\"@type\":\"ListItem\",\"position\":3,\"name\":\"Our Funding\"}]},{\"@type\":\"WebSite\",\"@id\":\"https:\\\/\\\/fundacionrenovables.org\\\/en\\\/#website\",\"url\":\"https:\\\/\\\/fundacionrenovables.org\\\/en\\\/\",\"name\":\"Fundaci\u00f3n Renovables\",\"description\":\"Queremos acelerar la Transici\u00f3n Energ\u00e9tica\",\"publisher\":{\"@id\":\"https:\\\/\\\/fundacionrenovables.org\\\/en\\\/#organization\"},\"potentialAction\":[{\"@type\":\"SearchAction\",\"target\":{\"@type\":\"EntryPoint\",\"urlTemplate\":\"https:\\\/\\\/fundacionrenovables.org\\\/en\\\/?s={search_term_string}\"},\"query-input\":{\"@type\":\"PropertyValueSpecification\",\"valueRequired\":true,\"valueName\":\"search_term_string\"}}],\"inLanguage\":\"en-US\"},{\"@type\":\"Organization\",\"@id\":\"https:\\\/\\\/fundacionrenovables.org\\\/en\\\/#organization\",\"name\":\"Fundaci\u00f3n Renovables\",\"url\":\"https:\\\/\\\/fundacionrenovables.org\\\/en\\\/\",\"logo\":{\"@type\":\"ImageObject\",\"inLanguage\":\"en-US\",\"@id\":\"https:\\\/\\\/fundacionrenovables.org\\\/en\\\/#\\\/schema\\\/logo\\\/image\\\/\",\"url\":\"https:\\\/\\\/fundacionrenovables.org\\\/wp-content\\\/uploads\\\/2019\\\/02\\\/Logo_FR-fondo-blanco.jpg\",\"contentUrl\":\"https:\\\/\\\/fundacionrenovables.org\\\/wp-content\\\/uploads\\\/2019\\\/02\\\/Logo_FR-fondo-blanco.jpg\",\"width\":1116,\"height\":700,\"caption\":\"Fundaci\u00f3n Renovables\"},\"image\":{\"@id\":\"https:\\\/\\\/fundacionrenovables.org\\\/en\\\/#\\\/schema\\\/logo\\\/image\\\/\"},\"sameAs\":[\"https:\\\/\\\/www.facebook.com\\\/fundacionrenovables\",\"https:\\\/\\\/x.com\\\/FRenovables\",\"https:\\\/\\\/www.instagram.com\\\/fundacionrenovables\\\/\",\"https:\\\/\\\/www.linkedin.com\\\/company\\\/fundaci-n-renovables\\\/\"]}]}<\/script>","yoast_head_json":{"title":"Our Funding - Fundaci\u00f3n Renovables","description":"Fundaci\u00f3n Renovables follows and applies the following transparency criteria and standards.","robots":{"index":"index","follow":"follow","max-snippet":"max-snippet:-1","max-image-preview":"max-image-preview:large","max-video-preview":"max-video-preview:-1"},"canonical":"https:\/\/fundacionrenovables.org\/en\/the-foundation\/our-funding\/","og_locale":"en_US","og_type":"article","og_title":"Our Funding - Fundaci\u00f3n Renovables","og_description":"Our Board of Trustees is made up of twenty-three professionals from a wide range of backgrounds who share the need to launch this citizen initiative to promote a change in the energy model. Like the Supporting Members, they are part of the Foundation in a personal capacity and do not in any way represent the companies or organisations for which they work.","og_url":"https:\/\/fundacionrenovables.org\/en\/the-foundation\/our-funding\/","og_site_name":"Fundaci\u00f3n Renovables","article_publisher":"https:\/\/www.facebook.com\/fundacionrenovables","article_modified_time":"2026-05-12T13:36:02+00:00","og_image":[{"width":1116,"height":700,"url":"https:\/\/fundacionrenovables.org\/wp-content\/uploads\/2019\/02\/Logo_FR-fondo-blanco.jpg","type":"image\/jpeg"}],"twitter_card":"summary_large_image","twitter_site":"@FRenovables","twitter_misc":{"Est. reading time":"1 minute"},"schema":{"@context":"https:\/\/schema.org","@graph":[{"@type":"WebPage","@id":"https:\/\/fundacionrenovables.org\/en\/the-foundation\/our-funding\/","url":"https:\/\/fundacionrenovables.org\/en\/the-foundation\/our-funding\/","name":"Our Funding - Fundaci\u00f3n Renovables","isPartOf":{"@id":"https:\/\/fundacionrenovables.org\/en\/#website"},"datePublished":"2026-02-13T08:11:25+00:00","dateModified":"2026-05-12T13:36:02+00:00","description":"Fundaci\u00f3n Renovables follows and applies the following transparency criteria and standards.","breadcrumb":{"@id":"https:\/\/fundacionrenovables.org\/en\/the-foundation\/our-funding\/#breadcrumb"},"inLanguage":"en-US","potentialAction":[{"@type":"ReadAction","target":["https:\/\/fundacionrenovables.org\/en\/the-foundation\/our-funding\/"]}]},{"@type":"BreadcrumbList","@id":"https:\/\/fundacionrenovables.org\/en\/the-foundation\/our-funding\/#breadcrumb","itemListElement":[{"@type":"ListItem","position":1,"name":"Portada","item":"https:\/\/fundacionrenovables.org\/en\/"},{"@type":"ListItem","position":2,"name":"The Foundation","item":"https:\/\/fundacionrenovables.org\/en\/the-foundation\/"},{"@type":"ListItem","position":3,"name":"Our Funding"}]},{"@type":"WebSite","@id":"https:\/\/fundacionrenovables.org\/en\/#website","url":"https:\/\/fundacionrenovables.org\/en\/","name":"Fundaci\u00f3n Renovables","description":"Queremos acelerar la Transici\u00f3n Energ\u00e9tica","publisher":{"@id":"https:\/\/fundacionrenovables.org\/en\/#organization"},"potentialAction":[{"@type":"SearchAction","target":{"@type":"EntryPoint","urlTemplate":"https:\/\/fundacionrenovables.org\/en\/?s={search_term_string}"},"query-input":{"@type":"PropertyValueSpecification","valueRequired":true,"valueName":"search_term_string"}}],"inLanguage":"en-US"},{"@type":"Organization","@id":"https:\/\/fundacionrenovables.org\/en\/#organization","name":"Fundaci\u00f3n Renovables","url":"https:\/\/fundacionrenovables.org\/en\/","logo":{"@type":"ImageObject","inLanguage":"en-US","@id":"https:\/\/fundacionrenovables.org\/en\/#\/schema\/logo\/image\/","url":"https:\/\/fundacionrenovables.org\/wp-content\/uploads\/2019\/02\/Logo_FR-fondo-blanco.jpg","contentUrl":"https:\/\/fundacionrenovables.org\/wp-content\/uploads\/2019\/02\/Logo_FR-fondo-blanco.jpg","width":1116,"height":700,"caption":"Fundaci\u00f3n Renovables"},"image":{"@id":"https:\/\/fundacionrenovables.org\/en\/#\/schema\/logo\/image\/"},"sameAs":["https:\/\/www.facebook.com\/fundacionrenovables","https:\/\/x.com\/FRenovables","https:\/\/www.instagram.com\/fundacionrenovables\/","https:\/\/www.linkedin.com\/company\/fundaci-n-renovables\/"]}]}},"_links":{"self":[{"href":"https:\/\/fundacionrenovables.org\/en\/wp-json\/wp\/v2\/pages\/29716","targetHints":{"allow":["GET"]}}],"collection":[{"href":"https:\/\/fundacionrenovables.org\/en\/wp-json\/wp\/v2\/pages"}],"about":[{"href":"https:\/\/fundacionrenovables.org\/en\/wp-json\/wp\/v2\/types\/page"}],"author":[{"embeddable":true,"href":"https:\/\/fundacionrenovables.org\/en\/wp-json\/wp\/v2\/users\/1"}],"replies":[{"embeddable":true,"href":"https:\/\/fundacionrenovables.org\/en\/wp-json\/wp\/v2\/comments?post=29716"}],"version-history":[{"count":4,"href":"https:\/\/fundacionrenovables.org\/en\/wp-json\/wp\/v2\/pages\/29716\/revisions"}],"predecessor-version":[{"id":29720,"href":"https:\/\/fundacionrenovables.org\/en\/wp-json\/wp\/v2\/pages\/29716\/revisions\/29720"}],"up":[{"embeddable":true,"href":"https:\/\/fundacionrenovables.org\/en\/wp-json\/wp\/v2\/pages\/29522"}],"wp:attachment":[{"href":"https:\/\/fundacionrenovables.org\/en\/wp-json\/wp\/v2\/media?parent=29716"}],"curies":[{"name":"wp","href":"https:\/\/api.w.org\/{rel}","templated":true}]}}